{"id":168,"date":"2024-10-02T14:58:33","date_gmt":"2024-10-02T11:58:33","guid":{"rendered":"https:\/\/pradesk.com\/ze-site\/?page_id=168"},"modified":"2025-02-03T19:36:22","modified_gmt":"2025-02-03T17:36:22","slug":"kodel-pradesk","status":"publish","type":"page","link":"https:\/\/pradesk.com\/ze-site\/kodel-pradesk\/","title":{"rendered":"Kod\u0117l Pradesk?"},"content":{"rendered":"\n<p>Pradesk turi daug i\u0161skirtini\u0173 savybi\u0173, d\u0117l kuri\u0173 \u0161i programa yra geresn\u0117 u\u017e kitas.<\/p>\n\n\n\n<p>\u0160tai keletas svarbiausi\u0173 Pradesk bruo\u017e\u0173, kuri\u0173 neturi daugelis kit\u0173 u\u017eduo\u010di\u0173 ir projekt\u0173 valdymo sistem\u0173:<\/p>\n\n\n\n<ul class=\"wp-block-list\">\n<li>Visada galima matyti, k\u0105 darbuotojai nuveik\u0117, kokie darbai dar nepadaryti, kas labiausiai apkrautas darbu ir kur vyksta v\u0117lavimai<\/li>\n\n\n\n<li>Labai lengvai galima perskirstyti darbus tarp darbuotoj\u0173 ir grupi\u0173; lengvas pavadavimas, lengvas darb\u0173 per\u0117mimas<\/li>\n\n\n\n<li>U\u017eduo\u010di\u0173 steb\u0117sena itin i\u0161vystyta, galinga ir patogi. U\u017eduotys stebimos \u012fvairiausiais pj\u016bviais, pasirenkant tinkamiausi\u0105 specifiniams atvejams &#8211; pagal darbuotojus, pagal grupes, pagal susijusius klientus, pagal vietoves ir taip toliau.<\/li>\n\n\n\n<li>Nuotolinis darbas tampa realiai kontroliuojamu ir tikru darbu, o ne darbo imitacija<\/li>\n\n\n\n<li>Sistema nuo pat prad\u017ei\u0173 kurta taip, kad ir tikt\u0173 nuotoliniam darbui, ir paverst\u0173 tok\u012f darb\u0105 kontroliuojamu, realiai valdomu<\/li>\n\n\n\n<li>Vadovas gauna piln\u0105 kontrol\u0119 ir \u017einojim\u0105, kas i\u0161ties vyksta<\/li>\n\n\n\n<li>Geriausios praktikos: atitinka daugel\u012f reikalavim\u0173, i\u0161sakom\u0173 Lean, ToC, ITIL ir PMBOK metodologijose, o taip pat ISO-9001 standarte.<\/li>\n\n\n\n<li>Ataskaitos apie buvus\u012f darbuotoj\u0173 aktyvum\u0105, kuri\u0173 d\u0117ka galima itin lengvai identifikuoti ir aktyviau, ir pasyviau dirban\u010dius.<\/li>\n\n\n\n<li>\u012evair\u016bs u\u017eduo\u010di\u0173 atvaizdavimo b\u016bdai &#8211; lentel\u0117, kanban lenta, i\u0161pl\u0117stin\u0117s kortel\u0117s, kalendorius, Gantt grafikai ir pan.<\/li>\n\n\n\n<li>I\u0161vystyta analitika, vizualiniai grafikai, ataskaitos. Atskiros ataskaitos apie darbus konkretiems klientams leid\u017eia lengvai panaudoti duomenis s\u0105skaitoms i\u0161ra\u0161yti.<\/li>\n\n\n\n<li>Unikal\u016bs \u012frankiai kompleksini\u0173 projekt\u0173 eigos prognozei. Galimyb\u0117 atpa\u017einti projekt\u0173 v\u0117lavimus ankstyvose stadijose, o ne tik konstatuoti blog\u0105 situacij\u0105, kai jau per v\u0117lu ka\u017ek\u0105 keisti.<\/li>\n\n\n\n<li>Valdymas pagal grupes &#8211; paskiriant darbus, neb\u016btina \u017einoti konkretaus vykdytojo. Grup\u0117s koordinatorius ar kiti grup\u0117s nariai gali perskirstyti darbus tarpusavy. Naudojamas &#8220;pull&#8221; metodas, kai darbuotojai darbus pasiima patys.<\/li>\n\n\n\n<li>Grupi\u0173 d\u0117ka sistemoje itin lengvas ir patogus yra komandinis darbas: grup\u0117ms gali b\u016bti priskiriami \u012fvair\u016bs resursai (\u012franga), vietov\u0117s, u\u017eduotys ir t.t., darbuotojai mato vieni kit\u0173 darbus ir lengvai gali juos papildyti ar perimti.<\/li>\n\n\n\n<li>Ple\u010diamumas: sistema kurta taip, kad b\u016bt\u0173 patogi ir 3 \u017emoni\u0173 \u012fmonei, ta\u010diau gali b\u016bti ple\u010diama iki t\u016bkstan\u010di\u0173 vartotoj\u0173.<\/li>\n\n\n\n<li>Lengvai atspindi kintam\u0105 ar tik dalinai apibr\u0117\u017et\u0105 \u012fmoni\u0173 strukt\u016br\u0105, o pasikeitus \u012fmon\u0117s strukt\u016brai ar procesams, leid\u017eia visi\u0161kai nat\u016braliai bet kokius poky\u010dius atspind\u0117ti sistemoje.<\/li>\n\n\n\n<li>Principas &#8220;i\u0161lieka viskas&#8221; &#8211; jokie \u012fra\u0161ai netrinami, istorija pasilieka ir nedingsta. \u012era\u0161\u0173 atsekamumas &#8211; lieka visa veiksm\u0173 ir poky\u010di\u0173 istorija.<\/li>\n\n\n\n<li>Netgi nepatyr\u0119 darbuotojai i\u0161moksta naudotis \u012frankiu per 10-15 minu\u010di\u0173, sistemos administratoriai konifg\u016bruoti &#8211; per kelias valandas.<\/li>\n\n\n\n<li>Didel\u0117 greitaveika &#8211; remtasi principu, kad sistemos u\u017edelsimai niekada neturi trukdyti naudotojui dirbti.<\/li>\n\n\n\n<li>Galimyb\u0117 perduoti specifini\u0173 u\u017eduo\u010di\u0173 informacij\u0105 klientams steb\u0117ti &#8211; u\u017eduotys gauna specialiai joms sugeneruotus unikalius puslapius<\/li>\n\n\n\n<li>Galimyb\u0117 sistem\u0105 modifikuoti pagal savo poreikius &#8211; special\u016bs laukai (custom fields)<\/li>\n\n\n\n<li>I\u0161vystyti projekt\u0173 valdymo \u012frankiai, Gantt grafikai, laiko juostos, statistiniai projekt\u0173 eigos steb\u0117senos ir prognoz\u0117s \u012frankiai<\/li>\n\n\n\n<li>N\u0117ra tipi\u0161k\u0173 licencijavimo problem\u0173, kai mokama u\u017e kiekvien\u0105 licencij\u0105 paskirai, o tod\u0117l darbuotojams vis pritr\u016bksta licencij\u0173 darbui. Gaunate tiek licencij\u0173, kiek reikia, nes pardavimai priri\u0161ti ne prie konkretaus licencij\u0173 skai\u010diaus, o prie bendro \u012fmon\u0117s dyd\u017eio.<\/li>\n\n\n\n<li>Programa puikiai tinka darbui i\u0161syk &#8211; tiesiog suvedate darbuotoj\u0173 paskyras ir visi gali dirbti, registruodami, steb\u0117dami, vykdydami ir valdydami u\u017eduotis.<\/li>\n\n\n\n<li>Savo galimyb\u0117mis Pradesk yra artimesn\u0117 galingoms korporacij\u0173 (enterprise) valdymo sistemoms, nors naudojimo paprastumu gali lygintis su paprastomis lentel\u0117mis. Daugyb\u0117 sud\u0117ting\u0173 galimybi\u0173 yra suprogramuotos taip, kad netrukdyt\u0173 dirbti, jei n\u0117ra naudojamos.<\/li>\n\n\n\n<li>Lietuvi\u0161kas produktas, su \u010dia pat esan\u010diais k\u016br\u0117jais, kurie girdi j\u016bs\u0173 poreikius ir tobulina sistem\u0105, atsi\u017evelgdami \u012f j\u016bs\u0173 poreikius.<\/li>\n<\/ul>\n","protected":false},"excerpt":{"rendered":"<p>Pradesk turi daug i\u0161skirtini\u0173 savybi\u0173, d\u0117l kuri\u0173 \u0161i programa yra geresn\u0117 u\u017e kitas. \u0160tai keletas svarbiausi\u0173 Pradesk bruo\u017e\u0173, kuri\u0173 neturi daugelis kit\u0173 u\u017eduo\u010di\u0173 ir projekt\u0173 valdymo sistem\u0173:<\/p>\n","protected":false},"author":1,"featured_media":0,"parent":0,"menu_order":0,"comment_status":"closed","ping_status":"closed","template":"","meta":{"footnotes":""},"class_list":["post-168","page","type-page","status-publish","hentry"],"_links":{"self":[{"href":"https:\/\/pradesk.com\/ze-site\/wp-json\/wp\/v2\/pages\/168","targetHints":{"allow":["GET"]}}],"collection":[{"href":"https:\/\/pradesk.com\/ze-site\/wp-json\/wp\/v2\/pages"}],"about":[{"href":"https:\/\/pradesk.com\/ze-site\/wp-json\/wp\/v2\/types\/page"}],"author":[{"embeddable":true,"href":"https:\/\/pradesk.com\/ze-site\/wp-json\/wp\/v2\/users\/1"}],"replies":[{"embeddable":true,"href":"https:\/\/pradesk.com\/ze-site\/wp-json\/wp\/v2\/comments?post=168"}],"version-history":[{"count":14,"href":"https:\/\/pradesk.com\/ze-site\/wp-json\/wp\/v2\/pages\/168\/revisions"}],"predecessor-version":[{"id":223,"href":"https:\/\/pradesk.com\/ze-site\/wp-json\/wp\/v2\/pages\/168\/revisions\/223"}],"wp:attachment":[{"href":"https:\/\/pradesk.com\/ze-site\/wp-json\/wp\/v2\/media?parent=168"}],"curies":[{"name":"wp","href":"https:\/\/api.w.org\/{rel}","templated":true}]}}